{"id":53,"date":"2018-03-14T13:42:59","date_gmt":"2018-03-14T12:42:59","guid":{"rendered":"http:\/\/spectrum-marburg.de\/?page_id=53"},"modified":"2018-03-20T13:21:28","modified_gmt":"2018-03-20T12:21:28","slug":"individuelle-wohnformen","status":"publish","type":"page","link":"http:\/\/spectrum-marburg.de\/?page_id=53","title":{"rendered":"Individuelle Wohnformen"},"content":{"rendered":"<p>Je nach Lebenskonstellation m\u00f6chten Menschen mit Behinderung alleine, mit Partner oder als Familie in ihrer eigenen Wohnung leben. Diesen Wunsch in einer bezahlbaren Wohnung innerhalb der Stadt Marburg zu realisieren, ist zwar nicht so einfach, aber bisher immer als ein erster Schritt zur gew\u00e4hlten Lebenssituation gelungen. Die f\u00fcr eine begl\u00fcckende und bereichernde Partnerschaft oder die Erziehung des eigenen Kindes ben\u00f6tige Unterst\u00fctzung kann je nach Art und Schwere der Behinderung sehr unterschiedlich und zeitweise auch sehr zeitintensiv sein, aber bewirkt langfristig tragf\u00e4hige und zufriedenstellende Beziehungskonstellationen.<\/p>\n","protected":false},"excerpt":{"rendered":"<p>Je nach Lebenskonstellation m\u00f6chten Menschen mit Behinderung alleine, mit Partner oder als Familie in ihrer eigenen Wohnung leben. Diesen Wunsch in einer bezahlbaren Wohnung innerhalb der Stadt Marburg zu realisieren, ist zwar nicht so einfach, aber bisher immer als ein erster Schritt zur gew\u00e4hlten Lebenssituation gelungen. Die f\u00fcr eine begl\u00fcckende und bereichernde Partnerschaft oder die &hellip; <\/p>\n<p class=\"link-more\"><a href=\"http:\/\/spectrum-marburg.de\/?page_id=53\" class=\"more-link\"><span class=\"screen-reader-text\">\u201eIndividuelle Wohnformen\u201c <\/span>weiterlesen<\/a><\/p>\n","protected":false},"author":1,"featured_media":0,"parent":37,"menu_order":0,"comment_status":"closed","ping_status":"closed","template":"","meta":{"footnotes":""},"class_list":["post-53","page","type-page","status-publish","hentry"],"_links":{"self":[{"href":"http:\/\/spectrum-marburg.de\/index.php?rest_route=\/wp\/v2\/pages\/53","targetHints":{"allow":["GET"]}}],"collection":[{"href":"http:\/\/spectrum-marburg.de\/index.php?rest_route=\/wp\/v2\/pages"}],"about":[{"href":"http:\/\/spectrum-marburg.de\/index.php?rest_route=\/wp\/v2\/types\/page"}],"author":[{"embeddable":true,"href":"http:\/\/spectrum-marburg.de\/index.php?rest_route=\/wp\/v2\/users\/1"}],"replies":[{"embeddable":true,"href":"http:\/\/spectrum-marburg.de\/index.php?rest_route=%2Fwp%2Fv2%2Fcomments&post=53"}],"version-history":[{"count":2,"href":"http:\/\/spectrum-marburg.de\/index.php?rest_route=\/wp\/v2\/pages\/53\/revisions"}],"predecessor-version":[{"id":114,"href":"http:\/\/spectrum-marburg.de\/index.php?rest_route=\/wp\/v2\/pages\/53\/revisions\/114"}],"up":[{"embeddable":true,"href":"http:\/\/spectrum-marburg.de\/index.php?rest_route=\/wp\/v2\/pages\/37"}],"wp:attachment":[{"href":"http:\/\/spectrum-marburg.de\/index.php?rest_route=%2Fwp%2Fv2%2Fmedia&parent=53"}],"curies":[{"name":"wp","href":"https:\/\/api.w.org\/{rel}","templated":true}]}}