{"id":51,"date":"2018-03-14T13:42:46","date_gmt":"2018-03-14T12:42:46","guid":{"rendered":"http:\/\/spectrum-marburg.de\/?page_id=51"},"modified":"2018-03-20T13:21:51","modified_gmt":"2018-03-20T12:21:51","slug":"wohngemeinschaften","status":"publish","type":"page","link":"http:\/\/spectrum-marburg.de\/?page_id=51","title":{"rendered":"Wohngemeinschaften"},"content":{"rendered":"<p>Nicht alleine in einer Wohnung zu sein, stattdessen morgens gemeinsam fr\u00fchst\u00fccken und abends gemeinsam kochen zu k\u00f6nnen, sich die Hausarbeiten zu teilen und jemandem um sich zu haben, um langweilige Zeiten gestalten zu k\u00f6nnen, ist der Wunsch vieler Menschen. Dabei festzustellen, dass andere Menschen anderes gut finden und anderes wollen, sich aber trotzdem auf Gemeinsames verst\u00e4ndigen zu k\u00f6nnen und Anderssein als Bereicherung und nicht nur als Schwierigkeit zu erleben, ist eine Herausforderung, der sich jede Wohngemeinschaft stellt. Auch f\u00fcr dieses Verst\u00e4ndnis herstellende und Perspektiven erweiternde Zusammenleben ist die kontinuierliche und moderierende Unterst\u00fctzung durch engagierte professionelle Personen notwendig.<\/p>\n","protected":false},"excerpt":{"rendered":"<p>Nicht alleine in einer Wohnung zu sein, stattdessen morgens gemeinsam fr\u00fchst\u00fccken und abends gemeinsam kochen zu k\u00f6nnen, sich die Hausarbeiten zu teilen und jemandem um sich zu haben, um langweilige Zeiten gestalten zu k\u00f6nnen, ist der Wunsch vieler Menschen. Dabei festzustellen, dass andere Menschen anderes gut finden und anderes wollen, sich aber trotzdem auf Gemeinsames &hellip; <\/p>\n<p class=\"link-more\"><a href=\"http:\/\/spectrum-marburg.de\/?page_id=51\" class=\"more-link\"><span class=\"screen-reader-text\">\u201eWohngemeinschaften\u201c <\/span>weiterlesen<\/a><\/p>\n","protected":false},"author":1,"featured_media":0,"parent":37,"menu_order":0,"comment_status":"closed","ping_status":"closed","template":"","meta":{"footnotes":""},"class_list":["post-51","page","type-page","status-publish","hentry"],"_links":{"self":[{"href":"http:\/\/spectrum-marburg.de\/index.php?rest_route=\/wp\/v2\/pages\/51","targetHints":{"allow":["GET"]}}],"collection":[{"href":"http:\/\/spectrum-marburg.de\/index.php?rest_route=\/wp\/v2\/pages"}],"about":[{"href":"http:\/\/spectrum-marburg.de\/index.php?rest_route=\/wp\/v2\/types\/page"}],"author":[{"embeddable":true,"href":"http:\/\/spectrum-marburg.de\/index.php?rest_route=\/wp\/v2\/users\/1"}],"replies":[{"embeddable":true,"href":"http:\/\/spectrum-marburg.de\/index.php?rest_route=%2Fwp%2Fv2%2Fcomments&post=51"}],"version-history":[{"count":2,"href":"http:\/\/spectrum-marburg.de\/index.php?rest_route=\/wp\/v2\/pages\/51\/revisions"}],"predecessor-version":[{"id":115,"href":"http:\/\/spectrum-marburg.de\/index.php?rest_route=\/wp\/v2\/pages\/51\/revisions\/115"}],"up":[{"embeddable":true,"href":"http:\/\/spectrum-marburg.de\/index.php?rest_route=\/wp\/v2\/pages\/37"}],"wp:attachment":[{"href":"http:\/\/spectrum-marburg.de\/index.php?rest_route=%2Fwp%2Fv2%2Fmedia&parent=51"}],"curies":[{"name":"wp","href":"https:\/\/api.w.org\/{rel}","templated":true}]}}