{"id":49,"date":"2018-03-14T13:42:36","date_gmt":"2018-03-14T12:42:36","guid":{"rendered":"http:\/\/spectrum-marburg.de\/?page_id=49"},"modified":"2023-04-12T13:59:21","modified_gmt":"2023-04-12T12:59:21","slug":"haushaltsnahe-dienstleistungen","status":"publish","type":"page","link":"http:\/\/spectrum-marburg.de\/?page_id=49","title":{"rendered":"Dienstleistungen"},"content":{"rendered":"<div class=\"page\" title=\"Page 2\">\n<div class=\"section\">\n<div class=\"layoutArea\">\n<div class=\"column\">\n<p>Wir pflegen und gestalten private G\u00e4rten und \u00f6ffentliche Parks, machen kleine Umz\u00fcge, reinigen Fahrzeuge, machen Besorgungen und bieten Kurierdienste in Marburg an. Sprechen Sie uns an und wir schauen, ob wir personenzentriert ihren Wunsch erf\u00fcllen k\u00f6nnen.<\/p>\n<\/div>\n<\/div>\n<\/div>\n<\/div>\n","protected":false},"excerpt":{"rendered":"<p>Wir pflegen und gestalten private G\u00e4rten und \u00f6ffentliche Parks, machen kleine Umz\u00fcge, reinigen Fahrzeuge, machen Besorgungen und bieten Kurierdienste in Marburg an. Sprechen Sie uns an und wir schauen, ob wir personenzentriert ihren Wunsch erf\u00fcllen k\u00f6nnen.<\/p>\n","protected":false},"author":1,"featured_media":0,"parent":45,"menu_order":0,"comment_status":"closed","ping_status":"closed","template":"","meta":{"footnotes":""},"class_list":["post-49","page","type-page","status-publish","hentry"],"_links":{"self":[{"href":"http:\/\/spectrum-marburg.de\/index.php?rest_route=\/wp\/v2\/pages\/49","targetHints":{"allow":["GET"]}}],"collection":[{"href":"http:\/\/spectrum-marburg.de\/index.php?rest_route=\/wp\/v2\/pages"}],"about":[{"href":"http:\/\/spectrum-marburg.de\/index.php?rest_route=\/wp\/v2\/types\/page"}],"author":[{"embeddable":true,"href":"http:\/\/spectrum-marburg.de\/index.php?rest_route=\/wp\/v2\/users\/1"}],"replies":[{"embeddable":true,"href":"http:\/\/spectrum-marburg.de\/index.php?rest_route=%2Fwp%2Fv2%2Fcomments&post=49"}],"version-history":[{"count":3,"href":"http:\/\/spectrum-marburg.de\/index.php?rest_route=\/wp\/v2\/pages\/49\/revisions"}],"predecessor-version":[{"id":182,"href":"http:\/\/spectrum-marburg.de\/index.php?rest_route=\/wp\/v2\/pages\/49\/revisions\/182"}],"up":[{"embeddable":true,"href":"http:\/\/spectrum-marburg.de\/index.php?rest_route=\/wp\/v2\/pages\/45"}],"wp:attachment":[{"href":"http:\/\/spectrum-marburg.de\/index.php?rest_route=%2Fwp%2Fv2%2Fmedia&parent=49"}],"curies":[{"name":"wp","href":"https:\/\/api.w.org\/{rel}","templated":true}]}}