{"id":47,"date":"2018-03-14T13:42:12","date_gmt":"2018-03-14T12:42:12","guid":{"rendered":"http:\/\/spectrum-marburg.de\/?page_id=47"},"modified":"2023-04-12T13:58:59","modified_gmt":"2023-04-12T12:58:59","slug":"bauunternehmen","status":"publish","type":"page","link":"http:\/\/spectrum-marburg.de\/?page_id=47","title":{"rendered":"Bauen"},"content":{"rendered":"<div class=\"page\" title=\"Page 2\">\n<div class=\"section\">\n<div class=\"layoutArea\">\n<div class=\"column\">\n<div>\n<div>\n<p>Herzlich willkommen zur Vorstellung unseres Baubereichs mit naturnahen Baustoffen f\u00fcr Menschen mit Behinderung!<\/p>\n<p>Wir m\u00f6chten Ihnen heute eine innovative Herangehensweise vorzustellen, die es Menschen mit Behinderung erm\u00f6glicht, am Bauen teilzunehmen und dabei ihre F\u00e4higkeiten und Talente einzubringen.<\/p>\n<p>Unser Ansatz basiert auf der Verwendung von naturnahen Materialien wie Holz und Lehm, Hanf und anderen umweltfreundlichen Baustoffen, die aus der Umgebung gewonnen werden k\u00f6nnen. Diese Materialien sind nachhaltig, energieeffizient und einfach zu verarbeiten. Sie sind auch f\u00fcr Menschen mit Behinderung leicht umg\u00e4nglich und k\u00f6nnen gut verarbeitet werden.<\/p>\n<p>Ein wichtiger Aspekt unseres Ansatzes ist die Anpassung der Bauverfahren an die individuellen Bed\u00fcrfnisse und F\u00e4higkeiten von Menschen mit Behinderung. Wir legen gro\u00dfen Wert darauf, dass alle Beteiligten aktiv am Bauprozess partizipieren k\u00f6nnen, unabh\u00e4ngig von ihrer Art der Behinderung. Dazu geh\u00f6ren zum Beispiel spezielle Vorrichtungen und Werkzeuge, die den Zugang und die Nutzung f\u00fcr Menschen mit k\u00f6rperlichen Einschr\u00e4nkungen erleichtern, sowie die Bereitstellung von Unterst\u00fctzungspersonal f\u00fcr Menschen mit kognitiven oder kommunikativen Einschr\u00e4nkungen.<\/p>\n<p>Unser Ansatz zielt darauf ab, die Selbstbestimmung und Teilhabe von Menschen mit Behinderung zu f\u00f6rdern und ihnen die M\u00f6glichkeit zu geben, ihre F\u00e4higkeiten und Talente im Bauwesen einzubringen. Dies umfasst den Bau von einfachen, naturnahen Strukturen, die f\u00fcr verschiedene Zwecke genutzt werden k\u00f6nnen, wie zum Beispiel Wohnh\u00e4user, Gemeinschaftsgeb\u00e4ude oder Wirtschaftsgeb\u00e4uden.<\/p>\n<p>Dar\u00fcber hinaus f\u00f6rdert unser Ansatz die Umweltvertr\u00e4glichkeit und Nachhaltigkeit im Bauwesen, da naturnahe Baustoffe oft lokal verf\u00fcgbar sind und weniger Energie und Ressourcen zur Herstellung ben\u00f6tigen als konventionelle Baustoffe. Dies tr\u00e4gt zur Reduzierung des \u00f6kologischen Fu\u00dfabdrucks von Bauprojekten bei und schafft ges\u00fcndere und nachhaltigere Wohn- und Arbeitsumgebungen.<\/p>\n<p>Wir sind stolz darauf, dass unser Ansatz Menschen mit Behinderung die M\u00f6glichkeit gibt, am Bau von naturnahen Strukturen teilzunehmen und damit ihre F\u00e4higkeiten und Talente einzubringen. Durch die F\u00f6rderung von Selbstbestimmung, Teilhabe und Umweltvertr\u00e4glichkeit wollen wir dazu beitragen, inklusive und nachhaltige Bauprojekte zu realisieren und Menschen mit Behinderung im Baubereich zu st\u00e4rken.<\/p>\n<p>Bei Fragen oder Interesse an unserem Ansatz stehen wir Ihnen gerne zur Verf\u00fcgung.<\/p>\n<\/div>\n<\/div>\n<\/div>\n<\/div>\n<\/div>\n<\/div>\n","protected":false},"excerpt":{"rendered":"<p>Herzlich willkommen zur Vorstellung unseres Baubereichs mit naturnahen Baustoffen f\u00fcr Menschen mit Behinderung! Wir m\u00f6chten Ihnen heute eine innovative Herangehensweise vorzustellen, die es Menschen mit Behinderung erm\u00f6glicht, am Bauen teilzunehmen und dabei ihre F\u00e4higkeiten und Talente einzubringen. Unser Ansatz basiert auf der Verwendung von naturnahen Materialien wie Holz und Lehm, Hanf und anderen umweltfreundlichen Baustoffen, &hellip; <\/p>\n<p class=\"link-more\"><a href=\"http:\/\/spectrum-marburg.de\/?page_id=47\" class=\"more-link\"><span class=\"screen-reader-text\">\u201eBauen\u201c <\/span>weiterlesen<\/a><\/p>\n","protected":false},"author":1,"featured_media":213,"parent":45,"menu_order":0,"comment_status":"closed","ping_status":"closed","template":"","meta":{"footnotes":""},"class_list":["post-47","page","type-page","status-publish","has-post-thumbnail","hentry"],"_links":{"self":[{"href":"http:\/\/spectrum-marburg.de\/index.php?rest_route=\/wp\/v2\/pages\/47","targetHints":{"allow":["GET"]}}],"collection":[{"href":"http:\/\/spectrum-marburg.de\/index.php?rest_route=\/wp\/v2\/pages"}],"about":[{"href":"http:\/\/spectrum-marburg.de\/index.php?rest_route=\/wp\/v2\/types\/page"}],"author":[{"embeddable":true,"href":"http:\/\/spectrum-marburg.de\/index.php?rest_route=\/wp\/v2\/users\/1"}],"replies":[{"embeddable":true,"href":"http:\/\/spectrum-marburg.de\/index.php?rest_route=%2Fwp%2Fv2%2Fcomments&post=47"}],"version-history":[{"count":12,"href":"http:\/\/spectrum-marburg.de\/index.php?rest_route=\/wp\/v2\/pages\/47\/revisions"}],"predecessor-version":[{"id":264,"href":"http:\/\/spectrum-marburg.de\/index.php?rest_route=\/wp\/v2\/pages\/47\/revisions\/264"}],"up":[{"embeddable":true,"href":"http:\/\/spectrum-marburg.de\/index.php?rest_route=\/wp\/v2\/pages\/45"}],"wp:featuredmedia":[{"embeddable":true,"href":"http:\/\/spectrum-marburg.de\/index.php?rest_route=\/wp\/v2\/media\/213"}],"wp:attachment":[{"href":"http:\/\/spectrum-marburg.de\/index.php?rest_route=%2Fwp%2Fv2%2Fmedia&parent=47"}],"curies":[{"name":"wp","href":"https:\/\/api.w.org\/{rel}","templated":true}]}}