{"id":45,"date":"2018-03-14T13:42:01","date_gmt":"2018-03-14T12:42:01","guid":{"rendered":"http:\/\/spectrum-marburg.de\/?page_id=45"},"modified":"2023-04-18T04:19:02","modified_gmt":"2023-04-18T03:19:02","slug":"allee-cafe","status":"publish","type":"page","link":"http:\/\/spectrum-marburg.de\/?page_id=45","title":{"rendered":"Arbeit"},"content":{"rendered":"<div><\/div>\n<div>\n<p><span style=\"font-size: revert;\">Eine zufriedenstellenden Arbeit, etwas zu dem man sich berufen f\u00fchlt, ob alleine oder gemeinsam mit anderen Menschen ist wesentlich f\u00fcr ein ausgeglichenes Leben.<\/span><\/p>\n<\/div>\n<div>\n<p>Unterst\u00fctzte Besch\u00e4ftigung ist ein umfassender Ansatz zur Teilhabe am Arbeitsleben f\u00fcr Menschen mit Behinderung, unabh\u00e4ngig von der Art und Schwere der Behinderung und der damit verbundenen Einschr\u00e4nkung. Es stellt den jeweiligen Menschen, seine F\u00e4higkeiten und seine W\u00fcnsche in den Mittelpunkt und sucht dann eine f\u00fcr ihn sinnvolle T\u00e4tigkeit und den f\u00fcr ihn passenden Arbeitsort. So sind viele unkonventionelle inklusive Arbeitspl\u00e4tze entstanden. Die Arbeit wird an den Menschen mit Behinderung angepasst.<\/p>\n<\/div>\n<div>\n<p>Viele der unterst\u00fctzt Arbeitenden geh\u00f6ren formal einer Werkstatt f\u00fcr behinderte Menschen an. Nur so ist es derzeit m\u00f6glich, dass ihre geringe Leistungsf\u00e4higkeit ad\u00e4quat entlohnt wird und sie sozial abgesichert sind.<\/p>\n<p>Dar\u00fcber hinaus schafft ein inklusives Arbeitsumfeld ein Klima der Akzeptanz und des Respekts gegen\u00fcber Vielfalt und Individualit\u00e4t. Dies tr\u00e4gt dazu bei, dass Selbstbewusstsein und die Selbstwirksamkeit der Mitarbeiterinnen und Mitarbeiter gest\u00e4rkt werden, was wiederum ihre Resilienz gegen\u00fcber negativem Stress oder Diskriminierung erh\u00f6ht. Resilienz bezieht sich auf die F\u00e4higkeit, Herausforderungen, R\u00fcckschl\u00e4ge und Stresssituationen erfolgreich zu bew\u00e4ltigen und gest\u00e4rkt daraus hervorzugehen. So dass man seinen Beruf findet und weiterentwickeln und aufrechterhalten kann.<\/p>\n<\/div>\n<div>\n<p>spectrum e.V. ist Mitglied der Bundesarbeitsgemeinschaft f\u00fcr Unterst\u00fctzte Besch\u00e4ftigung \u00a0e.V. \u00a0<a href=\"http:\/\/www.bag-ub.de\/\">www.bag-ub.de<\/a>.<\/p>\n<p>&#8222;Arbeite mit Freude, und die Arbeit wird zur Freude.&#8220; &#8211; Khalil Gibran<\/p>\n<p>&#8222;Freude an der Arbeit l\u00e4sst das Werk trefflich geraten.&#8220; &#8211; Aristoteles<\/p>\n<p>&#8222;Die Freude an der Arbeit ist der Schl\u00fcssel zum Erfolg.&#8220; &#8211; Albert Einstein<\/p>\n<\/div>\n","protected":false},"excerpt":{"rendered":"<p>Eine zufriedenstellenden Arbeit, etwas zu dem man sich berufen f\u00fchlt, ob alleine oder gemeinsam mit anderen Menschen ist wesentlich f\u00fcr ein ausgeglichenes Leben. Unterst\u00fctzte Besch\u00e4ftigung ist ein umfassender Ansatz zur Teilhabe am Arbeitsleben f\u00fcr Menschen mit Behinderung, unabh\u00e4ngig von der Art und Schwere der Behinderung und der damit verbundenen Einschr\u00e4nkung. Es stellt den jeweiligen Menschen, &hellip; <\/p>\n<p class=\"link-more\"><a href=\"http:\/\/spectrum-marburg.de\/?page_id=45\" class=\"more-link\"><span class=\"screen-reader-text\">\u201eArbeit\u201c <\/span>weiterlesen<\/a><\/p>\n","protected":false},"author":2,"featured_media":0,"parent":0,"menu_order":0,"comment_status":"closed","ping_status":"closed","template":"","meta":{"footnotes":""},"class_list":["post-45","page","type-page","status-publish","hentry"],"_links":{"self":[{"href":"http:\/\/spectrum-marburg.de\/index.php?rest_route=\/wp\/v2\/pages\/45","targetHints":{"allow":["GET"]}}],"collection":[{"href":"http:\/\/spectrum-marburg.de\/index.php?rest_route=\/wp\/v2\/pages"}],"about":[{"href":"http:\/\/spectrum-marburg.de\/index.php?rest_route=\/wp\/v2\/types\/page"}],"author":[{"embeddable":true,"href":"http:\/\/spectrum-marburg.de\/index.php?rest_route=\/wp\/v2\/users\/2"}],"replies":[{"embeddable":true,"href":"http:\/\/spectrum-marburg.de\/index.php?rest_route=%2Fwp%2Fv2%2Fcomments&post=45"}],"version-history":[{"count":18,"href":"http:\/\/spectrum-marburg.de\/index.php?rest_route=\/wp\/v2\/pages\/45\/revisions"}],"predecessor-version":[{"id":269,"href":"http:\/\/spectrum-marburg.de\/index.php?rest_route=\/wp\/v2\/pages\/45\/revisions\/269"}],"wp:attachment":[{"href":"http:\/\/spectrum-marburg.de\/index.php?rest_route=%2Fwp%2Fv2%2Fmedia&parent=45"}],"curies":[{"name":"wp","href":"https:\/\/api.w.org\/{rel}","templated":true}]}}