{"id":43,"date":"2018-03-14T13:41:16","date_gmt":"2018-03-14T12:41:16","guid":{"rendered":"http:\/\/spectrum-marburg.de\/?page_id=43"},"modified":"2023-04-12T13:59:06","modified_gmt":"2023-04-12T12:59:06","slug":"betriebe","status":"publish","type":"page","link":"http:\/\/spectrum-marburg.de\/?page_id=43","title":{"rendered":"Betriebe"},"content":{"rendered":"<div class=\"page\" title=\"Page 2\">\n<div class=\"section\">\n<div class=\"layoutArea\">\n<div class=\"column\">\n<p>Sie bieten sinnvolle Arbeit und m\u00f6chten einen Menschen mit Behinderung besch\u00e4ftigen und in Ihr Team einbinden. Wir beraten Sie gerne, kl\u00e4ren die formalen und rechtlichen Arbeitsbedingungen mit Ihnen und suchen mit Ihnen den geeigneten Mitarbeiter. Unsere Referenzen reichen von lokalen kleinen Unternehmen bis zu international agierenden Gro\u00dfunternehmen vor Ort.<\/p>\n<\/div>\n<\/div>\n<\/div>\n<\/div>\n","protected":false},"excerpt":{"rendered":"<p>Sie bieten sinnvolle Arbeit und m\u00f6chten einen Menschen mit Behinderung besch\u00e4ftigen und in Ihr Team einbinden. Wir beraten Sie gerne, kl\u00e4ren die formalen und rechtlichen Arbeitsbedingungen mit Ihnen und suchen mit Ihnen den geeigneten Mitarbeiter. Unsere Referenzen reichen von lokalen kleinen Unternehmen bis zu international agierenden Gro\u00dfunternehmen vor Ort.<\/p>\n","protected":false},"author":1,"featured_media":0,"parent":45,"menu_order":0,"comment_status":"closed","ping_status":"closed","template":"","meta":{"footnotes":""},"class_list":["post-43","page","type-page","status-publish","hentry"],"_links":{"self":[{"href":"http:\/\/spectrum-marburg.de\/index.php?rest_route=\/wp\/v2\/pages\/43","targetHints":{"allow":["GET"]}}],"collection":[{"href":"http:\/\/spectrum-marburg.de\/index.php?rest_route=\/wp\/v2\/pages"}],"about":[{"href":"http:\/\/spectrum-marburg.de\/index.php?rest_route=\/wp\/v2\/types\/page"}],"author":[{"embeddable":true,"href":"http:\/\/spectrum-marburg.de\/index.php?rest_route=\/wp\/v2\/users\/1"}],"replies":[{"embeddable":true,"href":"http:\/\/spectrum-marburg.de\/index.php?rest_route=%2Fwp%2Fv2%2Fcomments&post=43"}],"version-history":[{"count":4,"href":"http:\/\/spectrum-marburg.de\/index.php?rest_route=\/wp\/v2\/pages\/43\/revisions"}],"predecessor-version":[{"id":196,"href":"http:\/\/spectrum-marburg.de\/index.php?rest_route=\/wp\/v2\/pages\/43\/revisions\/196"}],"up":[{"embeddable":true,"href":"http:\/\/spectrum-marburg.de\/index.php?rest_route=\/wp\/v2\/pages\/45"}],"wp:attachment":[{"href":"http:\/\/spectrum-marburg.de\/index.php?rest_route=%2Fwp%2Fv2%2Fmedia&parent=43"}],"curies":[{"name":"wp","href":"https:\/\/api.w.org\/{rel}","templated":true}]}}