{"id":37,"date":"2018-03-14T13:38:50","date_gmt":"2018-03-14T12:38:50","guid":{"rendered":"http:\/\/spectrum-marburg.de\/?page_id=37"},"modified":"2023-04-11T13:26:06","modified_gmt":"2023-04-11T12:26:06","slug":"wohnen","status":"publish","type":"page","link":"http:\/\/spectrum-marburg.de\/?page_id=37","title":{"rendered":"Wohnen"},"content":{"rendered":"<p>\u201cDie beste Bildung findet ein gescheiter Mensch auf Reisen.\u201d<\/p>\n<p>&#8211; Johann Wolfgang von Goethe<\/p>\n<p>Ausgangspunkt f\u00fcr viele Freizeitaktivit\u00e4ten ist der 14-t\u00e4gige\u00a0Stammtisch in wechselnden\u00a0Lokalit\u00e4ten in Marburg. Er ist wichtigster Treffpunkt f\u00fcr die behinderten Menschen, dort wird geredet, gegessen und getrunken, werden Informationen ausgetauscht und vor allem weitere Verabredungen getroffenen.<\/p>\n<p>Best Buddies f\u00f6rdert Freundschaften zwischen geistig- oder lernbehinderten und nicht behinderten Menschen.<\/p>\n<p>Urlaubsfahrten in die Berge und ans Meer,\u00a0 in die USA oder nach Mallorca, Kultur oder Sportreisen sind individuelle Angebote f\u00fcr Menschen mit Behinderungen, die spectrum schon durchgef\u00fchrt hat.<\/p>\n<p>Aus dem Elternhaus ausziehen ist ein gewaltiger Schritt f\u00fcr einen Menschen mit Behinderung: die Wohnung, das Wohnumfeld, die Mitbewohner und die Betreuung m\u00fcssen stimmen, damit ein neues Zuhause, in dem man sich wohlf\u00fchlt, entsteht. Die W\u00fcnsche sind unterschiedlich: allein, als Paar, als Familie, als Wohngemeinschaft zu zweit, zu dritt, zu viert oder zu f\u00fcnf, in einem Haus mit Garten in einem ruhigen Wohnviertel, in einer Wohnung in der Stadtmitte. Immer wird versucht, die Wunschvorstellungen zu realisieren. Freundliche Nachbarn und Betreuer, die man mag, geh\u00f6ren dazu, wenn man, um seinen Alltag bew\u00e4ltigen zu k\u00f6nnen, auf die Unterst\u00fctzung und Betreuung durch andere Menschen angewiesen ist.<\/p>\n<p>Wohnbetreuung ist mehr als ein Job. Erwachsene Menschen so zu begleiten und zu f\u00f6rdern, dass sie ihre F\u00e4higkeiten erweitern oder beibehalten, aber Hilfe und Unterst\u00fctzung zu gew\u00e4hren, wo immer es notwendig ist, ist eine verantwortungsvolle, anstrengende und anspruchsvolle Aufgabe. Vertrauensvolle Beziehungen zwischen dem behinderten Menschen und seinem Betreuer sind die Basis dieser Zusammenarbeit.<\/p>\n","protected":false},"excerpt":{"rendered":"<p>\u201cDie beste Bildung findet ein gescheiter Mensch auf Reisen.\u201d &#8211; Johann Wolfgang von Goethe Ausgangspunkt f\u00fcr viele Freizeitaktivit\u00e4ten ist der 14-t\u00e4gige\u00a0Stammtisch in wechselnden\u00a0Lokalit\u00e4ten in Marburg. Er ist wichtigster Treffpunkt f\u00fcr die behinderten Menschen, dort wird geredet, gegessen und getrunken, werden Informationen ausgetauscht und vor allem weitere Verabredungen getroffenen. Best Buddies f\u00f6rdert Freundschaften zwischen geistig- oder &hellip; <\/p>\n<p class=\"link-more\"><a href=\"http:\/\/spectrum-marburg.de\/?page_id=37\" class=\"more-link\"><span class=\"screen-reader-text\">\u201eWohnen\u201c <\/span>weiterlesen<\/a><\/p>\n","protected":false},"author":1,"featured_media":0,"parent":0,"menu_order":0,"comment_status":"closed","ping_status":"closed","template":"","meta":{"footnotes":""},"class_list":["post-37","page","type-page","status-publish","hentry"],"_links":{"self":[{"href":"http:\/\/spectrum-marburg.de\/index.php?rest_route=\/wp\/v2\/pages\/37","targetHints":{"allow":["GET"]}}],"collection":[{"href":"http:\/\/spectrum-marburg.de\/index.php?rest_route=\/wp\/v2\/pages"}],"about":[{"href":"http:\/\/spectrum-marburg.de\/index.php?rest_route=\/wp\/v2\/types\/page"}],"author":[{"embeddable":true,"href":"http:\/\/spectrum-marburg.de\/index.php?rest_route=\/wp\/v2\/users\/1"}],"replies":[{"embeddable":true,"href":"http:\/\/spectrum-marburg.de\/index.php?rest_route=%2Fwp%2Fv2%2Fcomments&post=37"}],"version-history":[{"count":9,"href":"http:\/\/spectrum-marburg.de\/index.php?rest_route=\/wp\/v2\/pages\/37\/revisions"}],"predecessor-version":[{"id":254,"href":"http:\/\/spectrum-marburg.de\/index.php?rest_route=\/wp\/v2\/pages\/37\/revisions\/254"}],"wp:attachment":[{"href":"http:\/\/spectrum-marburg.de\/index.php?rest_route=%2Fwp%2Fv2%2Fmedia&parent=37"}],"curies":[{"name":"wp","href":"https:\/\/api.w.org\/{rel}","templated":true}]}}