{"id":312,"date":"2024-11-12T10:13:05","date_gmt":"2024-11-12T09:13:05","guid":{"rendered":"http:\/\/spectrum-marburg.de\/?page_id=312"},"modified":"2025-12-11T08:08:10","modified_gmt":"2025-12-11T07:08:10","slug":"spenden","status":"publish","type":"page","link":"http:\/\/spectrum-marburg.de\/?page_id=312","title":{"rendered":"Spenden"},"content":{"rendered":"\n<p><p class=\"p1\" style=\"caret-color: rgb(0, 0, 0); color: rgb(0, 0, 0); white-space: normal;\"><span class=\"s1\"><\/span><b>Gemeinsam ver\u00e4ndern wir Leben<\/b><\/p><p style=\"caret-color: rgb(0, 0, 0); color: rgb(0, 0, 0); white-space: normal;\"><\/p><p class=\"p2\" style=\"caret-color: rgb(0, 0, 0); color: rgb(0, 0, 0); white-space: normal;\"><\/p><p class=\"p3\" style=\"caret-color: rgb(0, 0, 0); color: rgb(0, 0, 0); white-space: normal;\">Jede Spende unterst\u00fctzt unsere Arbeit in Marburg f\u00fcr die Gleichw\u00fcrdigkeit von Menschen mit Behinderungen . Mit Ihrer Unterst\u00fctzung k\u00f6nnen wir Menschen mit Behinderung erreichen, die Hilfe dringend ben\u00f6tigen. Unser Ziel ist es, nachhaltige Ver\u00e4nderungen zu schaffen und dort zu helfen, wo Unterst\u00fctzung nicht selbstverst\u00e4ndlich ist.<span class=\"s1\"><\/span><\/p><hr style=\"white-space: normal;\"><\/hr><p style=\"caret-color: rgb(0, 0, 0); color: rgb(0, 0, 0); white-space: normal;\"><\/p><p style=\"caret-color: rgb(0, 0, 0); color: rgb(0, 0, 0); white-space: normal;\" class=\"p1\"><span class=\"s1\"><\/span><b>Warum wir Ihre Hilfe brauchen<\/b><\/p><p style=\"caret-color: rgb(0, 0, 0); color: rgb(0, 0, 0); white-space: normal;\"><\/p><p class=\"p2\" style=\"caret-color: rgb(0, 0, 0); color: rgb(0, 0, 0); white-space: normal;\"><\/p><p class=\"p3\" style=\"caret-color: rgb(0, 0, 0); color: rgb(0, 0, 0); white-space: normal;\">Viele Menschen stehen vor Herausforderungen, die sie nicht allein bew\u00e4ltigen k\u00f6nnen. Ob es soziale Teilhabe, medizinische Versorgung oder Unterst\u00fctzung in schwierigen Lebenssituationen geht \u2013 wir setzen uns daf\u00fcr ein, dass niemand zur\u00fcckgelassen wird.<\/p><\/p>\n\n\n\n<p><h2 style=\"caret-color: rgb(0, 0, 0); color: rgb(0, 0, 0); white-space: normal;\"><b>Kontakt<\/b><\/h2><p style=\"caret-color: rgb(0, 0, 0); color: rgb(0, 0, 0); white-space: normal;\"><\/p><p class=\"p2\" style=\"caret-color: rgb(0, 0, 0); color: rgb(0, 0, 0); white-space: normal;\"><\/p>Die Spectrum Stiftung ist beim Regierungspr\u00e4sidum Gie\u00dfen registriert und unter<br>der Steuernummer 020 250 85246 beim Finanzamt Gie\u00dfen als gemeinn\u00fctzig und mildt\u00e4tig anerkannt.<\/p>\n\n\n\n<p>Sie wollen uns unterst\u00fctzen, dann nehmen Sie bitte mit uns Kontakt auf:<\/p>\n\n\n\n<p>Tim Thielicke<\/p>\n\n\n\n<p>spectrum Stiftung<\/p>\n\n\n\n<p>Ockersh\u00e4user Allee 17<\/p>\n\n\n\n<p>35037 Marburg<\/p>\n\n\n\n<p>oder<\/p>\n\n\n\n<p> thielicke at spectrum-marburg.de<\/p>\n","protected":false},"excerpt":{"rendered":"<p>Gemeinsam ver\u00e4ndern wir Leben Jede Spende unterst\u00fctzt unsere Arbeit in Marburg f\u00fcr die Gleichw\u00fcrdigkeit von Menschen mit Behinderungen . Mit Ihrer Unterst\u00fctzung k\u00f6nnen wir Menschen mit Behinderung erreichen, die Hilfe dringend ben\u00f6tigen. Unser Ziel ist es, nachhaltige Ver\u00e4nderungen zu schaffen und dort zu helfen, wo Unterst\u00fctzung nicht selbstverst\u00e4ndlich ist. Warum wir Ihre Hilfe brauchen Viele &hellip; <\/p>\n<p class=\"link-more\"><a href=\"http:\/\/spectrum-marburg.de\/?page_id=312\" class=\"more-link\"><span class=\"screen-reader-text\">\u201eSpenden\u201c <\/span>weiterlesen<\/a><\/p>\n","protected":false},"author":2,"featured_media":0,"parent":0,"menu_order":0,"comment_status":"closed","ping_status":"closed","template":"","meta":{"footnotes":""},"class_list":["post-312","page","type-page","status-publish","hentry"],"_links":{"self":[{"href":"http:\/\/spectrum-marburg.de\/index.php?rest_route=\/wp\/v2\/pages\/312","targetHints":{"allow":["GET"]}}],"collection":[{"href":"http:\/\/spectrum-marburg.de\/index.php?rest_route=\/wp\/v2\/pages"}],"about":[{"href":"http:\/\/spectrum-marburg.de\/index.php?rest_route=\/wp\/v2\/types\/page"}],"author":[{"embeddable":true,"href":"http:\/\/spectrum-marburg.de\/index.php?rest_route=\/wp\/v2\/users\/2"}],"replies":[{"embeddable":true,"href":"http:\/\/spectrum-marburg.de\/index.php?rest_route=%2Fwp%2Fv2%2Fcomments&post=312"}],"version-history":[{"count":4,"href":"http:\/\/spectrum-marburg.de\/index.php?rest_route=\/wp\/v2\/pages\/312\/revisions"}],"predecessor-version":[{"id":335,"href":"http:\/\/spectrum-marburg.de\/index.php?rest_route=\/wp\/v2\/pages\/312\/revisions\/335"}],"wp:attachment":[{"href":"http:\/\/spectrum-marburg.de\/index.php?rest_route=%2Fwp%2Fv2%2Fmedia&parent=312"}],"curies":[{"name":"wp","href":"https:\/\/api.w.org\/{rel}","templated":true}]}}