{"id":11,"date":"2018-03-14T14:12:20","date_gmt":"2018-03-14T13:12:20","guid":{"rendered":"http:\/\/spectrum-marburg.de\/?page_id=11"},"modified":"2024-11-12T10:05:19","modified_gmt":"2024-11-12T09:05:19","slug":"test2","status":"publish","type":"page","link":"http:\/\/spectrum-marburg.de\/?page_id=11","title":{"rendered":"Impressum"},"content":{"rendered":"<div>\n<div>Herausgeber, Konzeption und verantwortlich f\u00fcr den Inhalt:<\/div>\n<div><\/div>\n<div>spectrum Stiftung<br \/>\n<span style=\"font-size: 1rem;\">\u00a0<\/span><\/div>\n<\/div>\n<div>\n<div>Reitgasse 4<\/div>\n<div>\n<p>35037 Marburg<\/p>\n<div>+49 6421 931777<\/div>\n<div><a href=\"http:\/\/www.spectrum-marburg.de\">www.spectrum-marburg.de<\/a><\/div>\n<div>info(at)spectrum-marburg.de<\/div>\n<div><\/div>\n<div><strong>Vorstand:<\/strong><\/div>\n<div><\/div>\n<div>Tim Thielicke<\/div>\n<div><\/div>\n<div><\/div>\n<\/div>\n<\/div>\n<div>\n<div>Registriert beim Regierungspr\u00e4sidium Gie\u00dfen und unter<br \/>\nder Steuernummer 020 250 85246 beim<br \/>\nFinanzamt Gie\u00dfen als gemeinn\u00fctzig und mildt\u00e4tig anerkannt<\/div>\n<\/div>\n<div><\/div>\n<div>\n<div>\n<div>\n<p>Bitte haben Sie Verst\u00e4ndnis daf\u00fcr, dass wir aufgrund der vielf\u00e4ltigen M\u00f6glichkeiten und Risiken, die das Internet bietet, zu Ihrem und unserem Schutz einige Rahmenbedingungen zur Nutzung unserer Website aufstellen m\u00fcssen, die wir Sie bitten, zu beachten.<\/p>\n<p>1. Aktualisierung dieser Nutzungsbedingungen<\/p>\n<p>Aufgrund der sich st\u00e4ndigen \u00e4ndernden technischen und rechtlichen Neuerungen m\u00fcssen wir die nachstehenden Nutzungsbedingungen von Zeit zu Zeit aktualisieren. Sehen Sie daher bitte vor jeder Nutzung unserer Website nach, wann die letzte Neufassung auf die Website gestellt wurde. Die j\u00fcngste Aktualisierung erfolgte im Mai 2014.<\/p>\n<p>2. Urheber- und andere Schutzrechte<\/p>\n<p>S\u00e4mtliche Inhalte unserer Website, einschlie\u00dflich der Texte, Bilder, graphische Darstellungen, Audio- und Videodateien sind \u2013 soweit dies nicht ausdr\u00fccklich anders vermerkt ist \u2013 unser Eigentum und d\u00fcrfen ohne unsere vorherige schriftliche Zustimmung nicht f\u00fcr \u00f6ffentliche oder gewerbliche Zwecke vervielf\u00e4ltigt, ver\u00e4ndert, \u00fcbertragen, wiederverwendet, neu bereitgestellt, verwertet oder auf sonstige Weise benutzt werden. Wir weisen darauf hin, dass eine Verletzung unserer Urheber- oder sonstigen Schutzrechte zivil- und\/oder strafrechtliche Konsequenzen nach sich ziehen kann.<\/p>\n<p>3. Haftungsausschluss<\/p>\n<p>Auf dieser Website befinden sich Hyperlinks zu Websites anderer Anbieter. Best Buddies Deutschland run by spectrum e.V. \u00fcbernimmt keine Gew\u00e4hr oder Haftung f\u00fcr eventuell rechtswidrige Inhalte oder sonstige Rechtsverletzungen auf Websites fremder Anbieter. Die Informationen auf dieser Website wurden mit aller Sorgfalt zusammengestellt und \u00fcberpr\u00fcft. Dennoch k\u00f6nnen wir f\u00fcr ihre Aktualit\u00e4t, Richtigkeit, Vollst\u00e4ndigkeit und\/oder Qualit\u00e4t keinerlei Verantwortung \u00fcbernehmen. Die Benutzung dieser Website und das Herunterladen von Daten erfolgt auf eigene Gefahr. Best Buddies Deutschland run by spectrum e.V.\u00a0\u00a0\u00fcbernimmt keine Verantwortung f\u00fcr hieraus entstehende Sch\u00e4den, insbesondere an Datenbest\u00e4nden, Hard- und\/oder Software des Benutzers.<\/p>\n<p>4. Sonstiges<\/p>\n<p>Sollte eine der Bestimmungen unwirksam sein oder werden, so soll davon die G\u00fcltigkeit der \u00fcbrigen Bestimmungen nicht ber\u00fchrt werden. An die Stelle der unwirksamen Bestimmung tritt eine solche, die in zul\u00e4ssiger Weise den Interessen der Parteien am ehesten gerecht wird.<\/p>\n<\/div>\n<\/div>\n<\/div>\n","protected":false},"excerpt":{"rendered":"<p>Herausgeber, Konzeption und verantwortlich f\u00fcr den Inhalt: spectrum Stiftung \u00a0 Reitgasse 4 35037 Marburg +49 6421 931777 www.spectrum-marburg.de info(at)spectrum-marburg.de Vorstand: Tim Thielicke Registriert beim Regierungspr\u00e4sidium Gie\u00dfen und unter der Steuernummer 020 250 85246 beim Finanzamt Gie\u00dfen als gemeinn\u00fctzig und mildt\u00e4tig anerkannt Bitte haben Sie Verst\u00e4ndnis daf\u00fcr, dass wir aufgrund der vielf\u00e4ltigen M\u00f6glichkeiten und Risiken, die &hellip; <\/p>\n<p class=\"link-more\"><a href=\"http:\/\/spectrum-marburg.de\/?page_id=11\" class=\"more-link\"><span class=\"screen-reader-text\">\u201eImpressum\u201c <\/span>weiterlesen<\/a><\/p>\n","protected":false},"author":1,"featured_media":0,"parent":0,"menu_order":0,"comment_status":"closed","ping_status":"closed","template":"","meta":{"footnotes":""},"class_list":["post-11","page","type-page","status-publish","hentry"],"_links":{"self":[{"href":"http:\/\/spectrum-marburg.de\/index.php?rest_route=\/wp\/v2\/pages\/11","targetHints":{"allow":["GET"]}}],"collection":[{"href":"http:\/\/spectrum-marburg.de\/index.php?rest_route=\/wp\/v2\/pages"}],"about":[{"href":"http:\/\/spectrum-marburg.de\/index.php?rest_route=\/wp\/v2\/types\/page"}],"author":[{"embeddable":true,"href":"http:\/\/spectrum-marburg.de\/index.php?rest_route=\/wp\/v2\/users\/1"}],"replies":[{"embeddable":true,"href":"http:\/\/spectrum-marburg.de\/index.php?rest_route=%2Fwp%2Fv2%2Fcomments&post=11"}],"version-history":[{"count":18,"href":"http:\/\/spectrum-marburg.de\/index.php?rest_route=\/wp\/v2\/pages\/11\/revisions"}],"predecessor-version":[{"id":303,"href":"http:\/\/spectrum-marburg.de\/index.php?rest_route=\/wp\/v2\/pages\/11\/revisions\/303"}],"wp:attachment":[{"href":"http:\/\/spectrum-marburg.de\/index.php?rest_route=%2Fwp%2Fv2%2Fmedia&parent=11"}],"curies":[{"name":"wp","href":"https:\/\/api.w.org\/{rel}","templated":true}]}}